{"id":1258,"date":"2025-05-06T09:06:45","date_gmt":"2025-05-06T14:06:45","guid":{"rendered":"https:\/\/fogondepiedrarestaurante.com\/?page_id=1258"},"modified":"2026-01-06T11:40:12","modified_gmt":"2026-01-06T16:40:12","slug":"pizzas","status":"publish","type":"page","link":"https:\/\/fogondepiedrarestaurante.com\/en\/menu\/pizzas\/","title":{"rendered":"Pizzas | Fog\u00f3n de Piedra"},"content":{"rendered":"<div data-elementor-type=\"wp-page\" data-elementor-id=\"1258\" class=\"elementor elementor-1258\" data-elementor-post-type=\"page\">\n\t\t\t\t<div class=\"elementor-element elementor-element-66d88bb e-con-full e-flex e-con e-parent\" data-id=\"66d88bb\" data-element_type=\"container\" data-e-type=\"container\" data-settings=\"{&quot;grandrestaurant_ext_is_background_parallax&quot;:&quot;false&quot;,&quot;grandrestaurant_ext_is_background_backdrop&quot;:&quot;false&quot;,&quot;grandrestaurant_ext_is_background_on_scroll&quot;:&quot;false&quot;,&quot;grandrestaurant_ext_link_reservation&quot;:&quot;false&quot;,&quot;grandrestaurant_ext_link_sidemenu&quot;:&quot;false&quot;,&quot;grandrestaurant_ext_link_fullmenu&quot;:&quot;false&quot;,&quot;grandrestaurant_ext_link_closed_fullmenu&quot;:&quot;false&quot;,&quot;grandrestaurant_ext_is_scrollme&quot;:&quot;false&quot;,&quot;grandrestaurant_ext_is_smoove&quot;:&quot;false&quot;,&quot;grandrestaurant_ext_is_parallax_mouse&quot;:&quot;false&quot;,&quot;grandrestaurant_ext_is_infinite&quot;:&quot;false&quot;,&quot;grandrestaurant_ext_is_fadeout_animation&quot;:&quot;false&quot;,&quot;grandrestaurant_ext_mobile_static&quot;:&quot;false&quot;}\">\n\t\t\t\t<div class=\"elementor-element elementor-element-1733221 elementor-widget__width-initial elementor-widget-divider--view-line elementor-widget elementor-widget-divider\" data-id=\"1733221\" data-element_type=\"widget\" data-e-type=\"widget\" data-settings=\"{&quot;grandrestaurant_ext_link_reservation&quot;:&quot;false&quot;,&quot;grandrestaurant_ext_link_sidemenu&quot;:&quot;false&quot;,&quot;grandrestaurant_ext_link_fullmenu&quot;:&quot;false&quot;,&quot;grandrestaurant_ext_link_closed_fullmenu&quot;:&quot;false&quot;,&quot;grandrestaurant_ext_is_scrollme&quot;:&quot;false&quot;,&quot;grandrestaurant_ext_is_smoove&quot;:&quot;false&quot;,&quot;grandrestaurant_ext_is_parallax_mouse&quot;:&quot;false&quot;,&quot;grandrestaurant_ext_is_infinite&quot;:&quot;false&quot;,&quot;grandrestaurant_ext_is_fadeout_animation&quot;:&quot;false&quot;,&quot;grandrestaurant_ext_mobile_static&quot;:&quot;false&quot;}\" data-widget_type=\"divider.default\">\n\t\t\t\t<div class=\"elementor-widget-container\">\n\t\t\t\t\t\t\t<div class=\"elementor-divider\">\n\t\t\t<span class=\"elementor-divider-separator\">\n\t\t\t\t\t\t<\/span>\n\t\t<\/div>\n\t\t\t\t\t\t<\/div>\n\t\t\t\t<\/div>\n\t\t\t\t<div class=\"elementor-element elementor-element-928a2fc elementor-widget elementor-widget-heading\" data-id=\"928a2fc\" data-element_type=\"widget\" data-e-type=\"widget\" data-settings=\"{&quot;grandrestaurant_ext_link_reservation&quot;:&quot;false&quot;,&quot;grandrestaurant_ext_link_sidemenu&quot;:&quot;false&quot;,&quot;grandrestaurant_ext_link_fullmenu&quot;:&quot;false&quot;,&quot;grandrestaurant_ext_link_closed_fullmenu&quot;:&quot;false&quot;,&quot;grandrestaurant_ext_is_scrollme&quot;:&quot;false&quot;,&quot;grandrestaurant_ext_is_smoove&quot;:&quot;false&quot;,&quot;grandrestaurant_ext_is_parallax_mouse&quot;:&quot;false&quot;,&quot;grandrestaurant_ext_is_infinite&quot;:&quot;false&quot;,&quot;grandrestaurant_ext_is_fadeout_animation&quot;:&quot;false&quot;,&quot;grandrestaurant_ext_mobile_static&quot;:&quot;false&quot;}\" data-widget_type=\"heading.default\">\n\t\t\t\t<div class=\"elementor-widget-container\">\n\t\t\t\t\t<h2 class=\"elementor-heading-title elementor-size-default\">Pizzas<\/h2>\t\t\t\t<\/div>\n\t\t\t\t<\/div>\n\t\t\t\t<div class=\"elementor-element elementor-element-a699ba4 elementor-widget__width-initial elementor-widget-divider--view-line elementor-widget elementor-widget-divider\" data-id=\"a699ba4\" data-element_type=\"widget\" data-e-type=\"widget\" data-settings=\"{&quot;grandrestaurant_ext_link_reservation&quot;:&quot;false&quot;,&quot;grandrestaurant_ext_link_sidemenu&quot;:&quot;false&quot;,&quot;grandrestaurant_ext_link_fullmenu&quot;:&quot;false&quot;,&quot;grandrestaurant_ext_link_closed_fullmenu&quot;:&quot;false&quot;,&quot;grandrestaurant_ext_is_scrollme&quot;:&quot;false&quot;,&quot;grandrestaurant_ext_is_smoove&quot;:&quot;false&quot;,&quot;grandrestaurant_ext_is_parallax_mouse&quot;:&quot;false&quot;,&quot;grandrestaurant_ext_is_infinite&quot;:&quot;false&quot;,&quot;grandrestaurant_ext_is_fadeout_animation&quot;:&quot;false&quot;,&quot;grandrestaurant_ext_mobile_static&quot;:&quot;false&quot;}\" data-widget_type=\"divider.default\">\n\t\t\t\t<div class=\"elementor-widget-container\">\n\t\t\t\t\t\t\t<div class=\"elementor-divider\">\n\t\t\t<span class=\"elementor-divider-separator\">\n\t\t\t\t\t\t<\/span>\n\t\t<\/div>\n\t\t\t\t\t\t<\/div>\n\t\t\t\t<\/div>\n\t\t\t\t<\/div>\n\t\t<div class=\"elementor-element elementor-element-947b812 e-flex e-con-boxed e-con e-parent\" data-id=\"947b812\" data-element_type=\"container\" data-e-type=\"container\" data-settings=\"{&quot;grandrestaurant_ext_is_background_parallax&quot;:&quot;false&quot;,&quot;grandrestaurant_ext_is_background_backdrop&quot;:&quot;false&quot;,&quot;grandrestaurant_ext_is_background_on_scroll&quot;:&quot;false&quot;,&quot;grandrestaurant_ext_link_reservation&quot;:&quot;false&quot;,&quot;grandrestaurant_ext_link_sidemenu&quot;:&quot;false&quot;,&quot;grandrestaurant_ext_link_fullmenu&quot;:&quot;false&quot;,&quot;grandrestaurant_ext_link_closed_fullmenu&quot;:&quot;false&quot;,&quot;grandrestaurant_ext_is_scrollme&quot;:&quot;false&quot;,&quot;grandrestaurant_ext_is_smoove&quot;:&quot;false&quot;,&quot;grandrestaurant_ext_is_parallax_mouse&quot;:&quot;false&quot;,&quot;grandrestaurant_ext_is_infinite&quot;:&quot;false&quot;,&quot;grandrestaurant_ext_is_fadeout_animation&quot;:&quot;false&quot;,&quot;grandrestaurant_ext_mobile_static&quot;:&quot;false&quot;}\">\n\t\t\t\t\t<div class=\"e-con-inner\">\n\t\t<div class=\"elementor-element elementor-element-c4ccf9e e-con-full e-flex e-con e-child\" data-id=\"c4ccf9e\" data-element_type=\"container\" data-e-type=\"container\" data-settings=\"{&quot;grandrestaurant_ext_is_background_parallax&quot;:&quot;false&quot;,&quot;grandrestaurant_ext_is_background_backdrop&quot;:&quot;false&quot;,&quot;grandrestaurant_ext_is_background_on_scroll&quot;:&quot;false&quot;,&quot;grandrestaurant_ext_link_reservation&quot;:&quot;false&quot;,&quot;grandrestaurant_ext_link_sidemenu&quot;:&quot;false&quot;,&quot;grandrestaurant_ext_link_fullmenu&quot;:&quot;false&quot;,&quot;grandrestaurant_ext_link_closed_fullmenu&quot;:&quot;false&quot;,&quot;grandrestaurant_ext_is_scrollme&quot;:&quot;false&quot;,&quot;grandrestaurant_ext_is_smoove&quot;:&quot;false&quot;,&quot;grandrestaurant_ext_is_parallax_mouse&quot;:&quot;false&quot;,&quot;grandrestaurant_ext_is_infinite&quot;:&quot;false&quot;,&quot;grandrestaurant_ext_is_fadeout_animation&quot;:&quot;false&quot;,&quot;grandrestaurant_ext_mobile_static&quot;:&quot;false&quot;}\">\n\t\t\t\t<div class=\"elementor-element elementor-element-31cb7ec elementor-widget elementor-widget-grandrestaurant-food-menu\" data-id=\"31cb7ec\" data-element_type=\"widget\" data-e-type=\"widget\" data-settings=\"{&quot;divider_color&quot;:&quot;#FFFFFF30&quot;,&quot;grandrestaurant_ext_link_reservation&quot;:&quot;false&quot;,&quot;grandrestaurant_ext_link_sidemenu&quot;:&quot;false&quot;,&quot;grandrestaurant_ext_link_fullmenu&quot;:&quot;false&quot;,&quot;grandrestaurant_ext_link_closed_fullmenu&quot;:&quot;false&quot;,&quot;grandrestaurant_ext_is_scrollme&quot;:&quot;false&quot;,&quot;grandrestaurant_ext_is_smoove&quot;:&quot;false&quot;,&quot;grandrestaurant_ext_is_parallax_mouse&quot;:&quot;false&quot;,&quot;grandrestaurant_ext_is_infinite&quot;:&quot;false&quot;,&quot;grandrestaurant_ext_is_fadeout_animation&quot;:&quot;false&quot;,&quot;grandrestaurant_ext_mobile_static&quot;:&quot;false&quot;}\" data-widget_type=\"grandrestaurant-food-menu.default\">\n\t\t\t\t<div class=\"elementor-widget-container\">\n\t\t\t\t\t<div class=\"food-menu-container\">\n<div class=\"food-menu-content-wrapper food-menu\">\n\t\t<div class=\"food-menu-grid-wrapper food-tooltip food-menu-1\" >\n\t\t\t\n\t\t\t\t\t\t\n\t\t\t\t\t\t\n\t\t\t\t\t\t\t<div class=\"food-menu-img\">\n\t\t\t\t\t\t\t\t\t\t\t<img decoding=\"async\" src=\"https:\/\/fogondepiedrarestaurante.com\/wp-content\/uploads\/2025\/05\/Pizza-Margarita-150x150.webp\" alt=\"\" title=\"\">\n\t\t\t\t\t\t\t\t\t<\/div>\n\t\t\t\n\t\t\t<div class=\"food-menu-content\">\n\t\t\t\t\n\t\t\t\t<div class=\"food-menu-content-top-holder\">\n\t\t\t\t\t<div class=\"food-menu-content-title-holder\">\n\t\t\t\t\t\t<h3 class=\"food-menu-title\">\n\t\t\t\t\t\t\t\t\t\t\t\t\t\tMargarita Pizza\t\t\t\t\t\t\t\t\t\t\t\t\t<\/h3>\n\t\t\t\t\t<\/div>\n\t\t\t\t\t\n\t\t\t\t\t<div class=\"food-menu-content-title-line\"><\/div>\n\t\t\t\t\t\n\t\t\t\t\t\t\t\t\t\t<div class=\"food-menu-content-price-holder\">\n\t\t\t\t\t\t<span class=\"food-menu-content-price-normal\">\n\t\t\t\t\t\t\t$46.000\t\t\t\t\t\t<\/span>\n\t\t\t\t\t<\/div>\n\t\t\t\t\t\t\t\t\t<\/div>\n\t\t\t\t\n\t\t\t\t<div class=\"food-menu-desc\">Tomato base, basil and buffalo mozzarella cheese.<\/div>\n\t\t\t\t\n\t\t\t\t\t\t\t<\/div>\n\t\t<\/div>\n\t\t<div class=\"food-menu-grid-wrapper food-tooltip food-menu-2\" >\n\t\t\t\n\t\t\t\t\t\t\n\t\t\t\t\t\t\n\t\t\t\t\t\t\t<div class=\"food-menu-img\">\n\t\t\t\t\t\t\t\t\t\t\t<img decoding=\"async\" src=\"https:\/\/fogondepiedrarestaurante.com\/wp-content\/uploads\/2025\/05\/preview-fogon-piedra-150x150.webp\" alt=\"\" title=\"\">\n\t\t\t\t\t\t\t\t\t<\/div>\n\t\t\t\n\t\t\t<div class=\"food-menu-content\">\n\t\t\t\t\n\t\t\t\t<div class=\"food-menu-content-top-holder\">\n\t\t\t\t\t<div class=\"food-menu-content-title-holder\">\n\t\t\t\t\t\t<h3 class=\"food-menu-title\">\n\t\t\t\t\t\t\t\t\t\t\t\t\t\tDate pizza\t\t\t\t\t\t\t\t\t\t\t\t\t<\/h3>\n\t\t\t\t\t<\/div>\n\t\t\t\t\t\n\t\t\t\t\t<div class=\"food-menu-content-title-line\"><\/div>\n\t\t\t\t\t\n\t\t\t\t\t\t\t\t\t\t<div class=\"food-menu-content-price-holder\">\n\t\t\t\t\t\t<span class=\"food-menu-content-price-normal\">\n\t\t\t\t\t\t\t$63.000\t\t\t\t\t\t<\/span>\n\t\t\t\t\t<\/div>\n\t\t\t\t\t\t\t\t\t<\/div>\n\t\t\t\t\n\t\t\t\t<div class=\"food-menu-desc\">Tomato base, dates, buffalo mozzarella cheese and fresh arugula leaves.<\/div>\n\t\t\t\t\n\t\t\t\t\t\t\t<\/div>\n\t\t<\/div>\n\t\t<div class=\"food-menu-grid-wrapper food-tooltip food-menu-3\" >\n\t\t\t\n\t\t\t\t\t\t\n\t\t\t\t\t\t\n\t\t\t\t\t\t\t<div class=\"food-menu-img\">\n\t\t\t\t\t\t\t\t\t\t\t<img decoding=\"async\" src=\"https:\/\/fogondepiedrarestaurante.com\/wp-content\/uploads\/2025\/05\/preview-fogon-piedra-150x150.webp\" alt=\"\" title=\"\">\n\t\t\t\t\t\t\t\t\t<\/div>\n\t\t\t\n\t\t\t<div class=\"food-menu-content\">\n\t\t\t\t\n\t\t\t\t<div class=\"food-menu-content-top-holder\">\n\t\t\t\t\t<div class=\"food-menu-content-title-holder\">\n\t\t\t\t\t\t<h3 class=\"food-menu-title\">\n\t\t\t\t\t\t\t\t\t\t\t\t\t\tApple and blue cheese pizza\t\t\t\t\t\t\t\t\t\t\t\t\t<\/h3>\n\t\t\t\t\t<\/div>\n\t\t\t\t\t\n\t\t\t\t\t<div class=\"food-menu-content-title-line\"><\/div>\n\t\t\t\t\t\n\t\t\t\t\t\t\t\t\t\t<div class=\"food-menu-content-price-holder\">\n\t\t\t\t\t\t<span class=\"food-menu-content-price-normal\">\n\t\t\t\t\t\t\t$50.000\t\t\t\t\t\t<\/span>\n\t\t\t\t\t<\/div>\n\t\t\t\t\t\t\t\t\t<\/div>\n\t\t\t\t\n\t\t\t\t<div class=\"food-menu-desc\">Tomato base, green apples, mozzarella cheese, blue cheese and fresh arugula leaves.<\/div>\n\t\t\t\t\n\t\t\t\t\t\t\t<\/div>\n\t\t<\/div>\n\t\t<div class=\"food-menu-grid-wrapper food-tooltip food-menu-4\" >\n\t\t\t\n\t\t\t\t\t\t\n\t\t\t\t\t\t\n\t\t\t\t\t\t\t<div class=\"food-menu-img\">\n\t\t\t\t\t\t\t\t\t\t\t<img decoding=\"async\" src=\"https:\/\/fogondepiedrarestaurante.com\/wp-content\/uploads\/2025\/05\/preview-fogon-piedra-150x150.webp\" alt=\"\" title=\"\">\n\t\t\t\t\t\t\t\t\t<\/div>\n\t\t\t\n\t\t\t<div class=\"food-menu-content\">\n\t\t\t\t\n\t\t\t\t<div class=\"food-menu-content-top-holder\">\n\t\t\t\t\t<div class=\"food-menu-content-title-holder\">\n\t\t\t\t\t\t<h3 class=\"food-menu-title\">\n\t\t\t\t\t\t\t\t\t\t\t\t\t\tFour cheese pizza\t\t\t\t\t\t\t\t\t\t\t\t\t<\/h3>\n\t\t\t\t\t<\/div>\n\t\t\t\t\t\n\t\t\t\t\t<div class=\"food-menu-content-title-line\"><\/div>\n\t\t\t\t\t\n\t\t\t\t\t\t\t\t\t\t<div class=\"food-menu-content-price-holder\">\n\t\t\t\t\t\t<span class=\"food-menu-content-price-normal\">\n\t\t\t\t\t\t\t$55.000\t\t\t\t\t\t<\/span>\n\t\t\t\t\t<\/div>\n\t\t\t\t\t\t\t\t\t<\/div>\n\t\t\t\t\n\t\t\t\t<div class=\"food-menu-desc\">Tomato base, blue cheese, mozzarella cheese, gruyere cheese and Dutch cheese.<\/div>\n\t\t\t\t\n\t\t\t\t\t\t\t<\/div>\n\t\t<\/div>\n\t\t<div class=\"food-menu-grid-wrapper food-tooltip food-menu-5\" >\n\t\t\t\n\t\t\t\t\t\t\n\t\t\t\t\t\t\n\t\t\t\t\t\t\t<div class=\"food-menu-img\">\n\t\t\t\t\t\t\t\t\t\t\t<img decoding=\"async\" src=\"https:\/\/fogondepiedrarestaurante.com\/wp-content\/uploads\/2025\/05\/Pizza-Peras-y-Jamon-Serrano-150x150.webp\" alt=\"\" title=\"\">\n\t\t\t\t\t\t\t\t\t<\/div>\n\t\t\t\n\t\t\t<div class=\"food-menu-content\">\n\t\t\t\t\n\t\t\t\t<div class=\"food-menu-content-top-holder\">\n\t\t\t\t\t<div class=\"food-menu-content-title-holder\">\n\t\t\t\t\t\t<h3 class=\"food-menu-title\">\n\t\t\t\t\t\t\t\t\t\t\t\t\t\tPears and Serrano ham pizza\t\t\t\t\t\t\t\t\t\t\t\t\t<\/h3>\n\t\t\t\t\t<\/div>\n\t\t\t\t\t\n\t\t\t\t\t<div class=\"food-menu-content-title-line\"><\/div>\n\t\t\t\t\t\n\t\t\t\t\t\t\t\t\t\t<div class=\"food-menu-content-price-holder\">\n\t\t\t\t\t\t<span class=\"food-menu-content-price-normal\">\n\t\t\t\t\t\t\t$66.000\t\t\t\t\t\t<\/span>\n\t\t\t\t\t<\/div>\n\t\t\t\t\t\t\t\t\t<\/div>\n\t\t\t\t\n\t\t\t\t<div class=\"food-menu-desc\">Tomato base, caramelized pears, Serrano ham and mozzarella cheese.<\/div>\n\t\t\t\t\n\t\t\t\t\t\t\t<\/div>\n\t\t<\/div>\n<\/div>\n<\/div>\t\t\t\t<\/div>\n\t\t\t\t<\/div>\n\t\t\t\t<div class=\"elementor-element elementor-element-803ceee elementor-widget__width-auto elementor-absolute elementor-widget elementor-widget-image\" data-id=\"803ceee\" data-element_type=\"widget\" data-e-type=\"widget\" data-settings=\"{&quot;_position&quot;:&quot;absolute&quot;,&quot;grandrestaurant_ext_link_reservation&quot;:&quot;false&quot;,&quot;grandrestaurant_ext_link_sidemenu&quot;:&quot;false&quot;,&quot;grandrestaurant_ext_link_fullmenu&quot;:&quot;false&quot;,&quot;grandrestaurant_ext_link_closed_fullmenu&quot;:&quot;false&quot;,&quot;grandrestaurant_ext_is_scrollme&quot;:&quot;false&quot;,&quot;grandrestaurant_ext_is_smoove&quot;:&quot;false&quot;,&quot;grandrestaurant_ext_is_parallax_mouse&quot;:&quot;false&quot;,&quot;grandrestaurant_ext_is_infinite&quot;:&quot;false&quot;,&quot;grandrestaurant_ext_is_fadeout_animation&quot;:&quot;false&quot;,&quot;grandrestaurant_ext_mobile_static&quot;:&quot;false&quot;}\" data-widget_type=\"image.default\">\n\t\t\t\t<div class=\"elementor-widget-container\">\n\t\t\t\t\t\t\t\t\t\t\t\t\t\t\t<img decoding=\"async\" src=\"https:\/\/fogondepiedrarestaurante.com\/wp-content\/uploads\/2023\/10\/42-1.png\" title=\"\" alt=\"\" loading=\"lazy\">\t\t\t\t\t\t\t\t\t\t\t\t\t\t\t<\/div>\n\t\t\t\t<\/div>\n\t\t\t\t<\/div>\n\t\t\t\t\t<\/div>\n\t\t\t\t<\/div>\n\t\t<div class=\"elementor-element elementor-element-92b8dd5 e-flex e-con-boxed e-con e-parent\" data-id=\"92b8dd5\" data-element_type=\"container\" data-e-type=\"container\" data-settings=\"{&quot;grandrestaurant_ext_is_background_parallax&quot;:&quot;false&quot;,&quot;grandrestaurant_ext_is_background_backdrop&quot;:&quot;false&quot;,&quot;grandrestaurant_ext_is_background_on_scroll&quot;:&quot;false&quot;,&quot;grandrestaurant_ext_link_reservation&quot;:&quot;false&quot;,&quot;grandrestaurant_ext_link_sidemenu&quot;:&quot;false&quot;,&quot;grandrestaurant_ext_link_fullmenu&quot;:&quot;false&quot;,&quot;grandrestaurant_ext_link_closed_fullmenu&quot;:&quot;false&quot;,&quot;grandrestaurant_ext_is_scrollme&quot;:&quot;false&quot;,&quot;grandrestaurant_ext_is_smoove&quot;:&quot;false&quot;,&quot;grandrestaurant_ext_is_parallax_mouse&quot;:&quot;false&quot;,&quot;grandrestaurant_ext_is_infinite&quot;:&quot;false&quot;,&quot;grandrestaurant_ext_is_fadeout_animation&quot;:&quot;false&quot;,&quot;grandrestaurant_ext_mobile_static&quot;:&quot;false&quot;}\">\n\t\t\t\t\t<div class=\"e-con-inner\">\n\t\t\t\t<div class=\"elementor-element elementor-element-8c7c41f elementor-widget elementor-widget-heading\" data-id=\"8c7c41f\" data-element_type=\"widget\" data-e-type=\"widget\" data-settings=\"{&quot;grandrestaurant_ext_link_reservation&quot;:&quot;false&quot;,&quot;grandrestaurant_ext_link_sidemenu&quot;:&quot;false&quot;,&quot;grandrestaurant_ext_link_fullmenu&quot;:&quot;false&quot;,&quot;grandrestaurant_ext_link_closed_fullmenu&quot;:&quot;false&quot;,&quot;grandrestaurant_ext_is_scrollme&quot;:&quot;false&quot;,&quot;grandrestaurant_ext_is_smoove&quot;:&quot;false&quot;,&quot;grandrestaurant_ext_is_parallax_mouse&quot;:&quot;false&quot;,&quot;grandrestaurant_ext_is_infinite&quot;:&quot;false&quot;,&quot;grandrestaurant_ext_is_fadeout_animation&quot;:&quot;false&quot;,&quot;grandrestaurant_ext_mobile_static&quot;:&quot;false&quot;}\" data-widget_type=\"heading.default\">\n\t\t\t\t<div class=\"elementor-widget-container\">\n\t\t\t\t\t<h2 class=\"elementor-heading-title elementor-size-default\">Additions:<\/h2>\t\t\t\t<\/div>\n\t\t\t\t<\/div>\n\t\t\t\t<div class=\"elementor-element elementor-element-e97c601 elementor-widget elementor-widget-price-list\" data-id=\"e97c601\" data-element_type=\"widget\" data-e-type=\"widget\" data-settings=\"{&quot;grandrestaurant_ext_link_reservation&quot;:&quot;false&quot;,&quot;grandrestaurant_ext_link_sidemenu&quot;:&quot;false&quot;,&quot;grandrestaurant_ext_link_fullmenu&quot;:&quot;false&quot;,&quot;grandrestaurant_ext_link_closed_fullmenu&quot;:&quot;false&quot;,&quot;grandrestaurant_ext_is_scrollme&quot;:&quot;false&quot;,&quot;grandrestaurant_ext_is_smoove&quot;:&quot;false&quot;,&quot;grandrestaurant_ext_is_parallax_mouse&quot;:&quot;false&quot;,&quot;grandrestaurant_ext_is_infinite&quot;:&quot;false&quot;,&quot;grandrestaurant_ext_is_fadeout_animation&quot;:&quot;false&quot;,&quot;grandrestaurant_ext_mobile_static&quot;:&quot;false&quot;}\" data-widget_type=\"price-list.default\">\n\t\t\t\t<div class=\"elementor-widget-container\">\n\t\t\t\t\t\n\t\t<ul class=\"elementor-price-list\">\n\n\t\t\t\t\t\t\t\t\t<li><a class=\"elementor-price-list-item\" href=\"#\">\t\t\t\t\n\t\t\t\t<div class=\"elementor-price-list-text\">\n\t\t\t\t\t\t\t\t\t<div class=\"elementor-price-list-header\">\n\t\t\t\t\t\t\t\t\t\t\t<span class=\"elementor-price-list-title\">\n\t\t\t\t\t\t\tSpanish Chorizo\t\t\t\t\t\t<\/span>\n\t\t\t\t\t\t\t\t\t\t\t\t\t\t\t\t\t\t<span class=\"elementor-price-list-separator\"><\/span>\n\t\t\t\t\t\t\t\t\t\t\t\t\t\t\t\t\t\t\t<span class=\"elementor-price-list-price\">$34.000<\/span>\n\t\t\t\t\t\t\t\t\t\t<\/div>\n\t\t\t\t\t\t\t\t\t\t\t\t<\/div>\n\t\t\t\t<\/a><\/li>\t\t\t\t\t\t\t\t\t\t\t\t<li><a class=\"elementor-price-list-item\" href=\"#\">\t\t\t\t\n\t\t\t\t<div class=\"elementor-price-list-text\">\n\t\t\t\t\t\t\t\t\t<div class=\"elementor-price-list-header\">\n\t\t\t\t\t\t\t\t\t\t\t<span class=\"elementor-price-list-title\">\n\t\t\t\t\t\t\tSerrano Ham\t\t\t\t\t\t<\/span>\n\t\t\t\t\t\t\t\t\t\t\t\t\t\t\t\t\t\t<span class=\"elementor-price-list-separator\"><\/span>\n\t\t\t\t\t\t\t\t\t\t\t\t\t\t\t\t\t\t\t<span class=\"elementor-price-list-price\">$36.000<\/span>\n\t\t\t\t\t\t\t\t\t\t<\/div>\n\t\t\t\t\t\t\t\t\t\t\t\t<\/div>\n\t\t\t\t<\/a><\/li>\t\t\t\t\t\t\t\t\t\t\t\t<li><a class=\"elementor-price-list-item\" href=\"#\">\t\t\t\t\n\t\t\t\t<div class=\"elementor-price-list-text\">\n\t\t\t\t\t\t\t\t\t<div class=\"elementor-price-list-header\">\n\t\t\t\t\t\t\t\t\t\t\t<span class=\"elementor-price-list-title\">\n\t\t\t\t\t\t\tAsparagus\t\t\t\t\t\t<\/span>\n\t\t\t\t\t\t\t\t\t\t\t\t\t\t\t\t\t\t<span class=\"elementor-price-list-separator\"><\/span>\n\t\t\t\t\t\t\t\t\t\t\t\t\t\t\t\t\t\t\t<span class=\"elementor-price-list-price\">$34.000<\/span>\n\t\t\t\t\t\t\t\t\t\t<\/div>\n\t\t\t\t\t\t\t\t\t\t\t\t<\/div>\n\t\t\t\t<\/a><\/li>\t\t\t\t\t\t\t\t\t\t\t\t<li><a class=\"elementor-price-list-item\" href=\"#\">\t\t\t\t\n\t\t\t\t<div class=\"elementor-price-list-text\">\n\t\t\t\t\t\t\t\t\t<div class=\"elementor-price-list-header\">\n\t\t\t\t\t\t\t\t\t\t\t<span class=\"elementor-price-list-title\">\n\t\t\t\t\t\t\tRoasted peppers\t\t\t\t\t\t<\/span>\n\t\t\t\t\t\t\t\t\t\t\t\t\t\t\t\t\t\t<span class=\"elementor-price-list-separator\"><\/span>\n\t\t\t\t\t\t\t\t\t\t\t\t\t\t\t\t\t\t\t<span class=\"elementor-price-list-price\">$21.000<\/span>\n\t\t\t\t\t\t\t\t\t\t<\/div>\n\t\t\t\t\t\t\t\t\t\t\t\t<\/div>\n\t\t\t\t<\/a><\/li>\t\t\t\t\t\t\t\t\t\t\t\t<li><a class=\"elementor-price-list-item\" href=\"#\">\t\t\t\t\n\t\t\t\t<div class=\"elementor-price-list-text\">\n\t\t\t\t\t\t\t\t\t<div class=\"elementor-price-list-header\">\n\t\t\t\t\t\t\t\t\t\t\t<span class=\"elementor-price-list-title\">\n\t\t\t\t\t\t\tMatured cheese\t\t\t\t\t\t<\/span>\n\t\t\t\t\t\t\t\t\t\t\t\t\t\t\t\t\t\t<span class=\"elementor-price-list-separator\"><\/span>\n\t\t\t\t\t\t\t\t\t\t\t\t\t\t\t\t\t\t\t<span class=\"elementor-price-list-price\">$28.000<\/span>\n\t\t\t\t\t\t\t\t\t\t<\/div>\n\t\t\t\t\t\t\t\t\t\t\t\t<\/div>\n\t\t\t\t<\/a><\/li>\t\t\t\t\t\t\t\t\t\t\t\t<li><a class=\"elementor-price-list-item\" href=\"#\">\t\t\t\t\n\t\t\t\t<div class=\"elementor-price-list-text\">\n\t\t\t\t\t\t\t\t\t<div class=\"elementor-price-list-header\">\n\t\t\t\t\t\t\t\t\t\t\t<span class=\"elementor-price-list-title\">\n\t\t\t\t\t\t\tMushrooms\t\t\t\t\t\t<\/span>\n\t\t\t\t\t\t\t\t\t\t\t\t\t\t\t\t\t\t<span class=\"elementor-price-list-separator\"><\/span>\n\t\t\t\t\t\t\t\t\t\t\t\t\t\t\t\t\t\t\t<span class=\"elementor-price-list-price\">$28.000<\/span>\n\t\t\t\t\t\t\t\t\t\t<\/div>\n\t\t\t\t\t\t\t\t\t\t\t\t<\/div>\n\t\t\t\t<\/a><\/li>\t\t\t\t\t\n\t\t<\/ul>\n\n\t\t\t\t\t\t<\/div>\n\t\t\t\t<\/div>\n\t\t\t\t<div class=\"elementor-element elementor-element-722a7b5 elementor-widget elementor-widget-spacer\" data-id=\"722a7b5\" data-element_type=\"widget\" data-e-type=\"widget\" data-settings=\"{&quot;grandrestaurant_ext_link_reservation&quot;:&quot;false&quot;,&quot;grandrestaurant_ext_link_sidemenu&quot;:&quot;false&quot;,&quot;grandrestaurant_ext_link_fullmenu&quot;:&quot;false&quot;,&quot;grandrestaurant_ext_link_closed_fullmenu&quot;:&quot;false&quot;,&quot;grandrestaurant_ext_is_scrollme&quot;:&quot;false&quot;,&quot;grandrestaurant_ext_is_smoove&quot;:&quot;false&quot;,&quot;grandrestaurant_ext_is_parallax_mouse&quot;:&quot;false&quot;,&quot;grandrestaurant_ext_is_infinite&quot;:&quot;false&quot;,&quot;grandrestaurant_ext_is_fadeout_animation&quot;:&quot;false&quot;,&quot;grandrestaurant_ext_mobile_static&quot;:&quot;false&quot;}\" data-widget_type=\"spacer.default\">\n\t\t\t\t<div class=\"elementor-widget-container\">\n\t\t\t\t\t\t\t<div class=\"elementor-spacer\">\n\t\t\t<div class=\"elementor-spacer-inner\"><\/div>\n\t\t<\/div>\n\t\t\t\t\t\t<\/div>\n\t\t\t\t<\/div>\n\t\t\t\t\t<\/div>\n\t\t\t\t<\/div>\n\t\t\t\t<\/div>","protected":false},"excerpt":{"rendered":"<p>Pizzas Pizza Margarita $46.000 Base de tomate, albahaca y queso mozzarella de b\u00fafala. Pizza de d\u00e1tiles $63.000 Base de tomate, d\u00e1tiles, queso mozzarella de b\u00fafala y hojas de r\u00fagula fresca. Pizza de manzanas y queso azul $50.000 Base de tomate, [&hellip;]<\/p>\n","protected":false},"author":1,"featured_media":0,"parent":554,"menu_order":0,"comment_status":"closed","ping_status":"closed","template":"elementor_header_footer","meta":{"footnotes":""},"class_list":["post-1258","page","type-page","status-publish","hentry"],"_links":{"self":[{"href":"https:\/\/fogondepiedrarestaurante.com\/en\/wp-json\/wp\/v2\/pages\/1258","targetHints":{"allow":["GET"]}}],"collection":[{"href":"https:\/\/fogondepiedrarestaurante.com\/en\/wp-json\/wp\/v2\/pages"}],"about":[{"href":"https:\/\/fogondepiedrarestaurante.com\/en\/wp-json\/wp\/v2\/types\/page"}],"author":[{"embeddable":true,"href":"https:\/\/fogondepiedrarestaurante.com\/en\/wp-json\/wp\/v2\/users\/1"}],"replies":[{"embeddable":true,"href":"https:\/\/fogondepiedrarestaurante.com\/en\/wp-json\/wp\/v2\/comments?post=1258"}],"version-history":[{"count":13,"href":"https:\/\/fogondepiedrarestaurante.com\/en\/wp-json\/wp\/v2\/pages\/1258\/revisions"}],"predecessor-version":[{"id":1934,"href":"https:\/\/fogondepiedrarestaurante.com\/en\/wp-json\/wp\/v2\/pages\/1258\/revisions\/1934"}],"up":[{"embeddable":true,"href":"https:\/\/fogondepiedrarestaurante.com\/en\/wp-json\/wp\/v2\/pages\/554"}],"wp:attachment":[{"href":"https:\/\/fogondepiedrarestaurante.com\/en\/wp-json\/wp\/v2\/media?parent=1258"}],"curies":[{"name":"wp","href":"https:\/\/api.w.org\/{rel}","templated":true}]}}