{"id":2049,"date":"2026-01-15T11:36:57","date_gmt":"2026-01-15T16:36:57","guid":{"rendered":"https:\/\/fogondepiedrarestaurante.com\/?page_id=2049"},"modified":"2026-01-15T11:58:42","modified_gmt":"2026-01-15T16:58:42","slug":"cervezas","status":"publish","type":"page","link":"https:\/\/fogondepiedrarestaurante.com\/en\/menu\/bebidas-licores\/cervezas\/","title":{"rendered":"Cervezas | Fog\u00f3n de Piedra"},"content":{"rendered":"<div data-elementor-type=\"wp-page\" data-elementor-id=\"2049\" class=\"elementor elementor-2049\" data-elementor-post-type=\"page\">\n\t\t\t\t<div class=\"elementor-element elementor-element-205be16 e-flex e-con-boxed e-con e-parent\" data-id=\"205be16\" data-element_type=\"container\" data-e-type=\"container\" data-settings=\"{&quot;background_background&quot;:&quot;classic&quot;,&quot;grandrestaurant_ext_is_background_parallax&quot;:&quot;false&quot;,&quot;grandrestaurant_ext_is_background_backdrop&quot;:&quot;false&quot;,&quot;grandrestaurant_ext_is_background_on_scroll&quot;:&quot;false&quot;,&quot;grandrestaurant_ext_link_reservation&quot;:&quot;false&quot;,&quot;grandrestaurant_ext_link_sidemenu&quot;:&quot;false&quot;,&quot;grandrestaurant_ext_link_fullmenu&quot;:&quot;false&quot;,&quot;grandrestaurant_ext_link_closed_fullmenu&quot;:&quot;false&quot;,&quot;grandrestaurant_ext_is_scrollme&quot;:&quot;false&quot;,&quot;grandrestaurant_ext_is_smoove&quot;:&quot;false&quot;,&quot;grandrestaurant_ext_is_parallax_mouse&quot;:&quot;false&quot;,&quot;grandrestaurant_ext_is_infinite&quot;:&quot;false&quot;,&quot;grandrestaurant_ext_is_fadeout_animation&quot;:&quot;false&quot;,&quot;grandrestaurant_ext_mobile_static&quot;:&quot;false&quot;}\">\n\t\t\t\t\t<div class=\"e-con-inner\">\n\t\t\t\t<div class=\"elementor-element elementor-element-6a04cc1 elementor-widget__width-initial elementor-widget-divider--view-line elementor-widget elementor-widget-divider\" data-id=\"6a04cc1\" data-element_type=\"widget\" data-e-type=\"widget\" data-settings=\"{&quot;grandrestaurant_ext_link_reservation&quot;:&quot;false&quot;,&quot;grandrestaurant_ext_link_sidemenu&quot;:&quot;false&quot;,&quot;grandrestaurant_ext_link_fullmenu&quot;:&quot;false&quot;,&quot;grandrestaurant_ext_link_closed_fullmenu&quot;:&quot;false&quot;,&quot;grandrestaurant_ext_is_scrollme&quot;:&quot;false&quot;,&quot;grandrestaurant_ext_is_smoove&quot;:&quot;false&quot;,&quot;grandrestaurant_ext_is_parallax_mouse&quot;:&quot;false&quot;,&quot;grandrestaurant_ext_is_infinite&quot;:&quot;false&quot;,&quot;grandrestaurant_ext_is_fadeout_animation&quot;:&quot;false&quot;,&quot;grandrestaurant_ext_mobile_static&quot;:&quot;false&quot;}\" data-widget_type=\"divider.default\">\n\t\t\t\t<div class=\"elementor-widget-container\">\n\t\t\t\t\t\t\t<div class=\"elementor-divider\">\n\t\t\t<span class=\"elementor-divider-separator\">\n\t\t\t\t\t\t<\/span>\n\t\t<\/div>\n\t\t\t\t\t\t<\/div>\n\t\t\t\t<\/div>\n\t\t\t\t<div class=\"elementor-element elementor-element-94a64bb elementor-widget elementor-widget-heading\" data-id=\"94a64bb\" data-element_type=\"widget\" data-e-type=\"widget\" data-settings=\"{&quot;grandrestaurant_ext_link_reservation&quot;:&quot;false&quot;,&quot;grandrestaurant_ext_link_sidemenu&quot;:&quot;false&quot;,&quot;grandrestaurant_ext_link_fullmenu&quot;:&quot;false&quot;,&quot;grandrestaurant_ext_link_closed_fullmenu&quot;:&quot;false&quot;,&quot;grandrestaurant_ext_is_scrollme&quot;:&quot;false&quot;,&quot;grandrestaurant_ext_is_smoove&quot;:&quot;false&quot;,&quot;grandrestaurant_ext_is_parallax_mouse&quot;:&quot;false&quot;,&quot;grandrestaurant_ext_is_infinite&quot;:&quot;false&quot;,&quot;grandrestaurant_ext_is_fadeout_animation&quot;:&quot;false&quot;,&quot;grandrestaurant_ext_mobile_static&quot;:&quot;false&quot;}\" data-widget_type=\"heading.default\">\n\t\t\t\t<div class=\"elementor-widget-container\">\n\t\t\t\t\t<h2 class=\"elementor-heading-title elementor-size-default\">Beers<\/h2>\t\t\t\t<\/div>\n\t\t\t\t<\/div>\n\t\t\t\t<div class=\"elementor-element elementor-element-b2b5649 elementor-widget__width-initial elementor-widget-divider--view-line elementor-widget elementor-widget-divider\" data-id=\"b2b5649\" data-element_type=\"widget\" data-e-type=\"widget\" data-settings=\"{&quot;grandrestaurant_ext_link_reservation&quot;:&quot;false&quot;,&quot;grandrestaurant_ext_link_sidemenu&quot;:&quot;false&quot;,&quot;grandrestaurant_ext_link_fullmenu&quot;:&quot;false&quot;,&quot;grandrestaurant_ext_link_closed_fullmenu&quot;:&quot;false&quot;,&quot;grandrestaurant_ext_is_scrollme&quot;:&quot;false&quot;,&quot;grandrestaurant_ext_is_smoove&quot;:&quot;false&quot;,&quot;grandrestaurant_ext_is_parallax_mouse&quot;:&quot;false&quot;,&quot;grandrestaurant_ext_is_infinite&quot;:&quot;false&quot;,&quot;grandrestaurant_ext_is_fadeout_animation&quot;:&quot;false&quot;,&quot;grandrestaurant_ext_mobile_static&quot;:&quot;false&quot;}\" data-widget_type=\"divider.default\">\n\t\t\t\t<div class=\"elementor-widget-container\">\n\t\t\t\t\t\t\t<div class=\"elementor-divider\">\n\t\t\t<span class=\"elementor-divider-separator\">\n\t\t\t\t\t\t<\/span>\n\t\t<\/div>\n\t\t\t\t\t\t<\/div>\n\t\t\t\t<\/div>\n\t\t\t\t\t<\/div>\n\t\t\t\t<\/div>\n\t\t<div class=\"elementor-element elementor-element-befea71 e-flex e-con-boxed e-con e-parent\" data-id=\"befea71\" data-element_type=\"container\" data-e-type=\"container\" data-settings=\"{&quot;grandrestaurant_ext_is_background_parallax&quot;:&quot;false&quot;,&quot;grandrestaurant_ext_is_background_backdrop&quot;:&quot;false&quot;,&quot;grandrestaurant_ext_is_background_on_scroll&quot;:&quot;false&quot;,&quot;grandrestaurant_ext_link_reservation&quot;:&quot;false&quot;,&quot;grandrestaurant_ext_link_sidemenu&quot;:&quot;false&quot;,&quot;grandrestaurant_ext_link_fullmenu&quot;:&quot;false&quot;,&quot;grandrestaurant_ext_link_closed_fullmenu&quot;:&quot;false&quot;,&quot;grandrestaurant_ext_is_scrollme&quot;:&quot;false&quot;,&quot;grandrestaurant_ext_is_smoove&quot;:&quot;false&quot;,&quot;grandrestaurant_ext_is_parallax_mouse&quot;:&quot;false&quot;,&quot;grandrestaurant_ext_is_infinite&quot;:&quot;false&quot;,&quot;grandrestaurant_ext_is_fadeout_animation&quot;:&quot;false&quot;,&quot;grandrestaurant_ext_mobile_static&quot;:&quot;false&quot;}\">\n\t\t\t\t\t<div class=\"e-con-inner\">\n\t\t<div class=\"elementor-element elementor-element-4f2a7f3 e-con-full e-flex e-con e-child\" data-id=\"4f2a7f3\" data-element_type=\"container\" data-e-type=\"container\" data-settings=\"{&quot;grandrestaurant_ext_is_background_parallax&quot;:&quot;false&quot;,&quot;grandrestaurant_ext_is_background_backdrop&quot;:&quot;false&quot;,&quot;grandrestaurant_ext_is_background_on_scroll&quot;:&quot;false&quot;,&quot;grandrestaurant_ext_link_reservation&quot;:&quot;false&quot;,&quot;grandrestaurant_ext_link_sidemenu&quot;:&quot;false&quot;,&quot;grandrestaurant_ext_link_fullmenu&quot;:&quot;false&quot;,&quot;grandrestaurant_ext_link_closed_fullmenu&quot;:&quot;false&quot;,&quot;grandrestaurant_ext_is_scrollme&quot;:&quot;false&quot;,&quot;grandrestaurant_ext_is_smoove&quot;:&quot;false&quot;,&quot;grandrestaurant_ext_is_parallax_mouse&quot;:&quot;false&quot;,&quot;grandrestaurant_ext_is_infinite&quot;:&quot;false&quot;,&quot;grandrestaurant_ext_is_fadeout_animation&quot;:&quot;false&quot;,&quot;grandrestaurant_ext_mobile_static&quot;:&quot;false&quot;}\">\n\t\t\t\t<div class=\"elementor-element elementor-element-2a44bbb elementor-widget__width-initial elementor-widget elementor-widget-grandrestaurant-food-menu\" data-id=\"2a44bbb\" data-element_type=\"widget\" data-e-type=\"widget\" data-settings=\"{&quot;divider_color&quot;:&quot;#FFFFFF45&quot;,&quot;grandrestaurant_ext_link_reservation&quot;:&quot;false&quot;,&quot;grandrestaurant_ext_link_sidemenu&quot;:&quot;false&quot;,&quot;grandrestaurant_ext_link_fullmenu&quot;:&quot;false&quot;,&quot;grandrestaurant_ext_link_closed_fullmenu&quot;:&quot;false&quot;,&quot;grandrestaurant_ext_is_scrollme&quot;:&quot;false&quot;,&quot;grandrestaurant_ext_is_smoove&quot;:&quot;false&quot;,&quot;grandrestaurant_ext_is_parallax_mouse&quot;:&quot;false&quot;,&quot;grandrestaurant_ext_is_infinite&quot;:&quot;false&quot;,&quot;grandrestaurant_ext_is_fadeout_animation&quot;:&quot;false&quot;,&quot;grandrestaurant_ext_mobile_static&quot;:&quot;false&quot;}\" data-widget_type=\"grandrestaurant-food-menu.default\">\n\t\t\t\t<div class=\"elementor-widget-container\">\n\t\t\t\t\t<div class=\"food-menu-container\">\n<div class=\"food-menu-content-wrapper food-menu\">\n\t\t<div class=\"food-menu-grid-wrapper food-tooltip food-menu-1\" >\n\t\t\t\n\t\t\t\t\t\t\n\t\t\t\t\t\t\n\t\t\t\n\t\t\t<div class=\"food-menu-content no-food-img\">\n\t\t\t\t\n\t\t\t\t<div class=\"food-menu-content-top-holder\">\n\t\t\t\t\t<div class=\"food-menu-content-title-holder\">\n\t\t\t\t\t\t<h3 class=\"food-menu-title\">\n\t\t\t\t\t\t\t\t\t\t\t\t\t\tStella Artois\t\t\t\t\t\t\t\t\t\t\t\t\t<\/h3>\n\t\t\t\t\t<\/div>\n\t\t\t\t\t\n\t\t\t\t\t<div class=\"food-menu-content-title-line\"><\/div>\n\t\t\t\t\t\n\t\t\t\t\t\t\t\t\t\t<div class=\"food-menu-content-price-holder\">\n\t\t\t\t\t\t<span class=\"food-menu-content-price-normal\">\n\t\t\t\t\t\t\t$21.000\t\t\t\t\t\t<\/span>\n\t\t\t\t\t<\/div>\n\t\t\t\t\t\t\t\t\t<\/div>\n\t\t\t\t\n\t\t\t\t<div class=\"food-menu-desc\"><\/div>\n\t\t\t\t\n\t\t\t\t\t\t\t<\/div>\n\t\t<\/div>\n\t\t<div class=\"food-menu-grid-wrapper food-tooltip food-menu-2\" >\n\t\t\t\n\t\t\t\t\t\t\n\t\t\t\t\t\t\n\t\t\t\n\t\t\t<div class=\"food-menu-content no-food-img\">\n\t\t\t\t\n\t\t\t\t<div class=\"food-menu-content-top-holder\">\n\t\t\t\t\t<div class=\"food-menu-content-title-holder\">\n\t\t\t\t\t\t<h3 class=\"food-menu-title\">\n\t\t\t\t\t\t\t\t\t\t\t\t\t\tCorona\t\t\t\t\t\t\t\t\t\t\t\t\t<\/h3>\n\t\t\t\t\t<\/div>\n\t\t\t\t\t\n\t\t\t\t\t<div class=\"food-menu-content-title-line\"><\/div>\n\t\t\t\t\t\n\t\t\t\t\t\t\t\t\t\t<div class=\"food-menu-content-price-holder\">\n\t\t\t\t\t\t<span class=\"food-menu-content-price-normal\">\n\t\t\t\t\t\t\t$21.000\t\t\t\t\t\t<\/span>\n\t\t\t\t\t<\/div>\n\t\t\t\t\t\t\t\t\t<\/div>\n\t\t\t\t\n\t\t\t\t<div class=\"food-menu-desc\"><\/div>\n\t\t\t\t\n\t\t\t\t\t\t\t<\/div>\n\t\t<\/div>\n\t\t<div class=\"food-menu-grid-wrapper food-tooltip food-menu-3\" >\n\t\t\t\n\t\t\t\t\t\t\n\t\t\t\t\t\t\n\t\t\t\n\t\t\t<div class=\"food-menu-content no-food-img\">\n\t\t\t\t\n\t\t\t\t<div class=\"food-menu-content-top-holder\">\n\t\t\t\t\t<div class=\"food-menu-content-title-holder\">\n\t\t\t\t\t\t<h3 class=\"food-menu-title\">\n\t\t\t\t\t\t\t\t\t\t\t\t\t\tMichelada\t\t\t\t\t\t\t\t\t\t\t\t\t<\/h3>\n\t\t\t\t\t<\/div>\n\t\t\t\t\t\n\t\t\t\t\t<div class=\"food-menu-content-title-line\"><\/div>\n\t\t\t\t\t\n\t\t\t\t\t\t\t\t\t\t<div class=\"food-menu-content-price-holder\">\n\t\t\t\t\t\t<span class=\"food-menu-content-price-normal\">\n\t\t\t\t\t\t\t$4.000\t\t\t\t\t\t<\/span>\n\t\t\t\t\t<\/div>\n\t\t\t\t\t\t\t\t\t<\/div>\n\t\t\t\t\n\t\t\t\t<div class=\"food-menu-desc\">Jugo de lim\u00f3n y sal.<\/div>\n\t\t\t\t\n\t\t\t\t\t\t\t<\/div>\n\t\t<\/div>\n\t\t<div class=\"food-menu-grid-wrapper food-tooltip food-menu-4\" >\n\t\t\t\n\t\t\t\t\t\t\n\t\t\t\t\t\t\n\t\t\t\n\t\t\t<div class=\"food-menu-content no-food-img\">\n\t\t\t\t\n\t\t\t\t<div class=\"food-menu-content-top-holder\">\n\t\t\t\t\t<div class=\"food-menu-content-title-holder\">\n\t\t\t\t\t\t<h3 class=\"food-menu-title\">\n\t\t\t\t\t\t\t\t\t\t\t\t\t\tClub Colombia Dorada\t\t\t\t\t\t\t\t\t\t\t\t\t<\/h3>\n\t\t\t\t\t<\/div>\n\t\t\t\t\t\n\t\t\t\t\t<div class=\"food-menu-content-title-line\"><\/div>\n\t\t\t\t\t\n\t\t\t\t\t\t\t\t\t\t<div class=\"food-menu-content-price-holder\">\n\t\t\t\t\t\t<span class=\"food-menu-content-price-normal\">\n\t\t\t\t\t\t\t$17.000\t\t\t\t\t\t<\/span>\n\t\t\t\t\t<\/div>\n\t\t\t\t\t\t\t\t\t<\/div>\n\t\t\t\t\n\t\t\t\t<div class=\"food-menu-desc\"><\/div>\n\t\t\t\t\n\t\t\t\t\t\t\t<\/div>\n\t\t<\/div>\n\t\t<div class=\"food-menu-grid-wrapper food-tooltip food-menu-5\" >\n\t\t\t\n\t\t\t\t\t\t\n\t\t\t\t\t\t\n\t\t\t\n\t\t\t<div class=\"food-menu-content no-food-img\">\n\t\t\t\t\n\t\t\t\t<div class=\"food-menu-content-top-holder\">\n\t\t\t\t\t<div class=\"food-menu-content-title-holder\">\n\t\t\t\t\t\t<h3 class=\"food-menu-title\">\n\t\t\t\t\t\t\t\t\t\t\t\t\t\tClub Colombia Roja\t\t\t\t\t\t\t\t\t\t\t\t\t<\/h3>\n\t\t\t\t\t<\/div>\n\t\t\t\t\t\n\t\t\t\t\t<div class=\"food-menu-content-title-line\"><\/div>\n\t\t\t\t\t\n\t\t\t\t\t\t\t\t\t\t<div class=\"food-menu-content-price-holder\">\n\t\t\t\t\t\t<span class=\"food-menu-content-price-normal\">\n\t\t\t\t\t\t\t$17.000\t\t\t\t\t\t<\/span>\n\t\t\t\t\t<\/div>\n\t\t\t\t\t\t\t\t\t<\/div>\n\t\t\t\t\n\t\t\t\t<div class=\"food-menu-desc\"><\/div>\n\t\t\t\t\n\t\t\t\t\t\t\t<\/div>\n\t\t<\/div>\n\t\t<div class=\"food-menu-grid-wrapper food-tooltip food-menu-6\" >\n\t\t\t\n\t\t\t\t\t\t\n\t\t\t\t\t\t\n\t\t\t\n\t\t\t<div class=\"food-menu-content no-food-img\">\n\t\t\t\t\n\t\t\t\t<div class=\"food-menu-content-top-holder\">\n\t\t\t\t\t<div class=\"food-menu-content-title-holder\">\n\t\t\t\t\t\t<h3 class=\"food-menu-title\">\n\t\t\t\t\t\t\t\t\t\t\t\t\t\t\u00c1guila\t\t\t\t\t\t\t\t\t\t\t\t\t<\/h3>\n\t\t\t\t\t<\/div>\n\t\t\t\t\t\n\t\t\t\t\t<div class=\"food-menu-content-title-line\"><\/div>\n\t\t\t\t\t\n\t\t\t\t\t\t\t\t\t\t<div class=\"food-menu-content-price-holder\">\n\t\t\t\t\t\t<span class=\"food-menu-content-price-normal\">\n\t\t\t\t\t\t\t$17.000\t\t\t\t\t\t<\/span>\n\t\t\t\t\t<\/div>\n\t\t\t\t\t\t\t\t\t<\/div>\n\t\t\t\t\n\t\t\t\t<div class=\"food-menu-desc\"><\/div>\n\t\t\t\t\n\t\t\t\t\t\t\t<\/div>\n\t\t<\/div>\n\t\t<div class=\"food-menu-grid-wrapper food-tooltip food-menu-7\" >\n\t\t\t\n\t\t\t\t\t\t\n\t\t\t\t\t\t\n\t\t\t\n\t\t\t<div class=\"food-menu-content no-food-img\">\n\t\t\t\t\n\t\t\t\t<div class=\"food-menu-content-top-holder\">\n\t\t\t\t\t<div class=\"food-menu-content-title-holder\">\n\t\t\t\t\t\t<h3 class=\"food-menu-title\">\n\t\t\t\t\t\t\t\t\t\t\t\t\t\t\u00c1guila Light\t\t\t\t\t\t\t\t\t\t\t\t\t<\/h3>\n\t\t\t\t\t<\/div>\n\t\t\t\t\t\n\t\t\t\t\t<div class=\"food-menu-content-title-line\"><\/div>\n\t\t\t\t\t\n\t\t\t\t\t\t\t\t\t\t<div class=\"food-menu-content-price-holder\">\n\t\t\t\t\t\t<span class=\"food-menu-content-price-normal\">\n\t\t\t\t\t\t\t$17.000\t\t\t\t\t\t<\/span>\n\t\t\t\t\t<\/div>\n\t\t\t\t\t\t\t\t\t<\/div>\n\t\t\t\t\n\t\t\t\t<div class=\"food-menu-desc\"><\/div>\n\t\t\t\t\n\t\t\t\t\t\t\t<\/div>\n\t\t<\/div>\n\t\t<div class=\"food-menu-grid-wrapper food-tooltip food-menu-8\" >\n\t\t\t\n\t\t\t\t\t\t\n\t\t\t\t\t\t\n\t\t\t\n\t\t\t<div class=\"food-menu-content no-food-img\">\n\t\t\t\t\n\t\t\t\t<div class=\"food-menu-content-top-holder\">\n\t\t\t\t\t<div class=\"food-menu-content-title-holder\">\n\t\t\t\t\t\t<h3 class=\"food-menu-title\">\n\t\t\t\t\t\t\t\t\t\t\t\t\t\tHeineken\t\t\t\t\t\t\t\t\t\t\t\t\t<\/h3>\n\t\t\t\t\t<\/div>\n\t\t\t\t\t\n\t\t\t\t\t<div class=\"food-menu-content-title-line\"><\/div>\n\t\t\t\t\t\n\t\t\t\t\t\t\t\t\t\t<div class=\"food-menu-content-price-holder\">\n\t\t\t\t\t\t<span class=\"food-menu-content-price-normal\">\n\t\t\t\t\t\t\t$21.000\t\t\t\t\t\t<\/span>\n\t\t\t\t\t<\/div>\n\t\t\t\t\t\t\t\t\t<\/div>\n\t\t\t\t\n\t\t\t\t<div class=\"food-menu-desc\"><\/div>\n\t\t\t\t\n\t\t\t\t\t\t\t<\/div>\n\t\t<\/div>\n<\/div>\n<\/div>\t\t\t\t<\/div>\n\t\t\t\t<\/div>\n\t\t\t\t<div class=\"elementor-element elementor-element-cca0215 elementor-widget__width-auto elementor-absolute elementor-widget elementor-widget-image\" data-id=\"cca0215\" data-element_type=\"widget\" data-e-type=\"widget\" data-settings=\"{&quot;_position&quot;:&quot;absolute&quot;,&quot;grandrestaurant_ext_link_reservation&quot;:&quot;false&quot;,&quot;grandrestaurant_ext_link_sidemenu&quot;:&quot;false&quot;,&quot;grandrestaurant_ext_link_fullmenu&quot;:&quot;false&quot;,&quot;grandrestaurant_ext_link_closed_fullmenu&quot;:&quot;false&quot;,&quot;grandrestaurant_ext_is_scrollme&quot;:&quot;false&quot;,&quot;grandrestaurant_ext_is_smoove&quot;:&quot;false&quot;,&quot;grandrestaurant_ext_is_parallax_mouse&quot;:&quot;false&quot;,&quot;grandrestaurant_ext_is_infinite&quot;:&quot;false&quot;,&quot;grandrestaurant_ext_is_fadeout_animation&quot;:&quot;false&quot;,&quot;grandrestaurant_ext_mobile_static&quot;:&quot;false&quot;}\" data-widget_type=\"image.default\">\n\t\t\t\t<div class=\"elementor-widget-container\">\n\t\t\t\t\t\t\t\t\t\t\t\t\t\t\t<img fetchpriority=\"high\" decoding=\"async\" width=\"320\" height=\"310\" src=\"https:\/\/fogondepiedrarestaurante.com\/wp-content\/uploads\/2023\/10\/18-1-1.png\" class=\"attachment-full size-full wp-image-584\" alt=\"\" title=\"\">\t\t\t\t\t\t\t\t\t\t\t\t\t\t\t<\/div>\n\t\t\t\t<\/div>\n\t\t\t\t<\/div>\n\t\t\t\t\t<\/div>\n\t\t\t\t<\/div>\n\t\t<div class=\"elementor-element elementor-element-43c64fc e-flex e-con-boxed e-con e-parent\" data-id=\"43c64fc\" data-element_type=\"container\" data-e-type=\"container\" data-settings=\"{&quot;grandrestaurant_ext_is_background_parallax&quot;:&quot;false&quot;,&quot;grandrestaurant_ext_is_background_backdrop&quot;:&quot;false&quot;,&quot;grandrestaurant_ext_is_background_on_scroll&quot;:&quot;false&quot;,&quot;grandrestaurant_ext_link_reservation&quot;:&quot;false&quot;,&quot;grandrestaurant_ext_link_sidemenu&quot;:&quot;false&quot;,&quot;grandrestaurant_ext_link_fullmenu&quot;:&quot;false&quot;,&quot;grandrestaurant_ext_link_closed_fullmenu&quot;:&quot;false&quot;,&quot;grandrestaurant_ext_is_scrollme&quot;:&quot;false&quot;,&quot;grandrestaurant_ext_is_smoove&quot;:&quot;false&quot;,&quot;grandrestaurant_ext_is_parallax_mouse&quot;:&quot;false&quot;,&quot;grandrestaurant_ext_is_infinite&quot;:&quot;false&quot;,&quot;grandrestaurant_ext_is_fadeout_animation&quot;:&quot;false&quot;,&quot;grandrestaurant_ext_mobile_static&quot;:&quot;false&quot;}\">\n\t\t\t\t\t<div class=\"e-con-inner\">\n\t\t\t\t<div class=\"elementor-element elementor-element-35d14f9 elementor-widget__width-initial elementor-widget elementor-widget-heading\" data-id=\"35d14f9\" data-element_type=\"widget\" data-e-type=\"widget\" data-settings=\"{&quot;grandrestaurant_ext_link_reservation&quot;:&quot;false&quot;,&quot;grandrestaurant_ext_link_sidemenu&quot;:&quot;false&quot;,&quot;grandrestaurant_ext_link_fullmenu&quot;:&quot;false&quot;,&quot;grandrestaurant_ext_link_closed_fullmenu&quot;:&quot;false&quot;,&quot;grandrestaurant_ext_is_scrollme&quot;:&quot;false&quot;,&quot;grandrestaurant_ext_is_smoove&quot;:&quot;false&quot;,&quot;grandrestaurant_ext_is_parallax_mouse&quot;:&quot;false&quot;,&quot;grandrestaurant_ext_is_infinite&quot;:&quot;false&quot;,&quot;grandrestaurant_ext_is_fadeout_animation&quot;:&quot;false&quot;,&quot;grandrestaurant_ext_mobile_static&quot;:&quot;false&quot;}\" data-widget_type=\"heading.default\">\n\t\t\t\t<div class=\"elementor-widget-container\">\n\t\t\t\t\t<p class=\"elementor-heading-title elementor-size-default\">All our prices are in Colombian Pesos (COP). Prices include consumption tax. A 10% gratuity is suggested.<\/p>\t\t\t\t<\/div>\n\t\t\t\t<\/div>\n\t\t\t\t\t<\/div>\n\t\t\t\t<\/div>\n\t\t<div class=\"elementor-element elementor-element-83bbb87 e-flex e-con-boxed e-con e-parent\" data-id=\"83bbb87\" data-element_type=\"container\" data-e-type=\"container\" data-settings=\"{&quot;grandrestaurant_ext_is_background_parallax&quot;:&quot;false&quot;,&quot;grandrestaurant_ext_is_background_backdrop&quot;:&quot;false&quot;,&quot;grandrestaurant_ext_is_background_on_scroll&quot;:&quot;false&quot;,&quot;grandrestaurant_ext_link_reservation&quot;:&quot;false&quot;,&quot;grandrestaurant_ext_link_sidemenu&quot;:&quot;false&quot;,&quot;grandrestaurant_ext_link_fullmenu&quot;:&quot;false&quot;,&quot;grandrestaurant_ext_link_closed_fullmenu&quot;:&quot;false&quot;,&quot;grandrestaurant_ext_is_scrollme&quot;:&quot;false&quot;,&quot;grandrestaurant_ext_is_smoove&quot;:&quot;false&quot;,&quot;grandrestaurant_ext_is_parallax_mouse&quot;:&quot;false&quot;,&quot;grandrestaurant_ext_is_infinite&quot;:&quot;false&quot;,&quot;grandrestaurant_ext_is_fadeout_animation&quot;:&quot;false&quot;,&quot;grandrestaurant_ext_mobile_static&quot;:&quot;false&quot;}\">\n\t\t\t\t\t<div class=\"e-con-inner\">\n\t\t\t\t<div class=\"elementor-element elementor-element-f78c2bb elementor-widget elementor-widget-spacer\" data-id=\"f78c2bb\" data-element_type=\"widget\" data-e-type=\"widget\" data-settings=\"{&quot;grandrestaurant_ext_link_reservation&quot;:&quot;false&quot;,&quot;grandrestaurant_ext_link_sidemenu&quot;:&quot;false&quot;,&quot;grandrestaurant_ext_link_fullmenu&quot;:&quot;false&quot;,&quot;grandrestaurant_ext_link_closed_fullmenu&quot;:&quot;false&quot;,&quot;grandrestaurant_ext_is_scrollme&quot;:&quot;false&quot;,&quot;grandrestaurant_ext_is_smoove&quot;:&quot;false&quot;,&quot;grandrestaurant_ext_is_parallax_mouse&quot;:&quot;false&quot;,&quot;grandrestaurant_ext_is_infinite&quot;:&quot;false&quot;,&quot;grandrestaurant_ext_is_fadeout_animation&quot;:&quot;false&quot;,&quot;grandrestaurant_ext_mobile_static&quot;:&quot;false&quot;}\" data-widget_type=\"spacer.default\">\n\t\t\t\t<div class=\"elementor-widget-container\">\n\t\t\t\t\t\t\t<div class=\"elementor-spacer\">\n\t\t\t<div class=\"elementor-spacer-inner\"><\/div>\n\t\t<\/div>\n\t\t\t\t\t\t<\/div>\n\t\t\t\t<\/div>\n\t\t\t\t\t<\/div>\n\t\t\t\t<\/div>\n\t\t\t\t<\/div>","protected":false},"excerpt":{"rendered":"<p>Cervezas Club Colombia Roja $17.000 \u00c1guila $17.000 \u00c1guila Light $17.000 Heineken $21.000 Stella Artois $21.000 Corona $21.000 Michelada $4.000 Jugo de lim\u00f3n y sal. Club Colombia Dorada $17.000 Todos nuestros precios est\u00e1n en Pesos Colombianos (COP). Los precios incluyen impuestos [&hellip;]<\/p>\n","protected":false},"author":1,"featured_media":0,"parent":2050,"menu_order":0,"comment_status":"closed","ping_status":"closed","template":"elementor_header_footer","meta":{"footnotes":""},"class_list":["post-2049","page","type-page","status-publish","hentry"],"_links":{"self":[{"href":"https:\/\/fogondepiedrarestaurante.com\/en\/wp-json\/wp\/v2\/pages\/2049","targetHints":{"allow":["GET"]}}],"collection":[{"href":"https:\/\/fogondepiedrarestaurante.com\/en\/wp-json\/wp\/v2\/pages"}],"about":[{"href":"https:\/\/fogondepiedrarestaurante.com\/en\/wp-json\/wp\/v2\/types\/page"}],"author":[{"embeddable":true,"href":"https:\/\/fogondepiedrarestaurante.com\/en\/wp-json\/wp\/v2\/users\/1"}],"replies":[{"embeddable":true,"href":"https:\/\/fogondepiedrarestaurante.com\/en\/wp-json\/wp\/v2\/comments?post=2049"}],"version-history":[{"count":7,"href":"https:\/\/fogondepiedrarestaurante.com\/en\/wp-json\/wp\/v2\/pages\/2049\/revisions"}],"predecessor-version":[{"id":2085,"href":"https:\/\/fogondepiedrarestaurante.com\/en\/wp-json\/wp\/v2\/pages\/2049\/revisions\/2085"}],"up":[{"embeddable":true,"href":"https:\/\/fogondepiedrarestaurante.com\/en\/wp-json\/wp\/v2\/pages\/2050"}],"wp:attachment":[{"href":"https:\/\/fogondepiedrarestaurante.com\/en\/wp-json\/wp\/v2\/media?parent=2049"}],"curies":[{"name":"wp","href":"https:\/\/api.w.org\/{rel}","templated":true}]}}